{"id":14,"date":"2015-12-04T09:57:40","date_gmt":"2015-12-04T09:57:40","guid":{"rendered":"https:\/\/www.cortetextil.info\/home\/?page_id=14"},"modified":"2015-12-07T10:25:52","modified_gmt":"2015-12-07T10:25:52","slug":"localizacion","status":"publish","type":"page","link":"https:\/\/www.cortetextil.info\/home\/localizacion\/","title":{"rendered":"Localizaci\u00f3n"},"content":{"rendered":"<p>Situados en la villa de Belmonte de Tajo, comarca de Las Vegas, a 50 km de Madrid, 25 km de Aranjuez y 5 km de Chinch\u00f3n, carreteras A-3 y R-3 (Madrid-Valencia) salida 48, a 6 km en direcci\u00f3n a Aranjuez. La R-3 confluye con la anterior en el km 36.<\/p>\n<p><strong>Direcci\u00f3n:<\/strong><\/p>\n<p>C\/ Virgen del Socorro n\u00ba12<\/p>\n<p>28390 Belmonte de Tajo( Madrid)<\/p>\n<p><strong>Tel\u00e9fono de Contacto:<\/strong><\/p>\n<p>91 874 71 97 \/ 653 77 29 92<\/p>\n<p><strong>Email:<\/strong><\/p>\n<p><a href=\"mailto:cortejulian1964@hotmail.com\">cortejulian1964@hotmail.com<\/a><\/p>\n<p><strong>Encu\u00e9ntranos:<\/strong><\/p>\n<p><iframe loading=\"lazy\" title =\"Mapa Corte Textil\" style=\"border: 0;\" src=\"https:\/\/www.google.com\/maps\/embed?pb=!1m18!1m12!1m3!1d3050.3589614814746!2d-3.3358973119078055!3d40.13428716114191!2m3!1f0!2f0!3f0!3m2!1i1024!2i768!4f13.1!3m3!1m2!1s0xd426e7ea5a8f88d%3A0xf505d840163ddf5d!2sCalle+Virgen+del+Socorro%2C+12%2C+28390+Belmonte+de+Tajo%2C+Madrid!5e0!3m2!1ses!2ses!4v1449233241827\" width=\"400\" height=\"300\" frameborder=\"0\" allowfullscreen=\"allowfullscreen\"><\/iframe><\/p>\n","protected":false},"excerpt":{"rendered":"<p>Situados en la villa de Belmonte de Tajo, comarca de Las Vegas, a 50 km de Madrid, 25 km de Aranjuez y 5 km de Chinch\u00f3n, carreteras A-3 y R-3 (Madrid-Valencia) salida 48, a 6 km en direcci\u00f3n a Aranjuez. La R-3 confluye con la anterior en el km 36. Direcci\u00f3n: C\/ Virgen del Socorro [&hellip;]<\/p>\n","protected":false},"author":1,"featured_media":0,"parent":0,"menu_order":0,"comment_status":"closed","ping_status":"closed","template":"","meta":[],"_links":{"self":[{"href":"https:\/\/www.cortetextil.info\/home\/wp-json\/wp\/v2\/pages\/14"}],"collection":[{"href":"https:\/\/www.cortetextil.info\/home\/wp-json\/wp\/v2\/pages"}],"about":[{"href":"https:\/\/www.cortetextil.info\/home\/wp-json\/wp\/v2\/types\/page"}],"author":[{"embeddable":true,"href":"https:\/\/www.cortetextil.info\/home\/wp-json\/wp\/v2\/users\/1"}],"replies":[{"embeddable":true,"href":"https:\/\/www.cortetextil.info\/home\/wp-json\/wp\/v2\/comments?post=14"}],"version-history":[{"count":6,"href":"https:\/\/www.cortetextil.info\/home\/wp-json\/wp\/v2\/pages\/14\/revisions"}],"predecessor-version":[{"id":83,"href":"https:\/\/www.cortetextil.info\/home\/wp-json\/wp\/v2\/pages\/14\/revisions\/83"}],"wp:attachment":[{"href":"https:\/\/www.cortetextil.info\/home\/wp-json\/wp\/v2\/media?parent=14"}],"curies":[{"name":"wp","href":"https:\/\/api.w.org\/{rel}","templated":true}]}}