{"id":30,"date":"2015-12-04T11:59:56","date_gmt":"2015-12-04T11:59:56","guid":{"rendered":"https:\/\/www.cortetextil.info\/home\/?page_id=30"},"modified":"2015-12-07T09:35:10","modified_gmt":"2015-12-07T09:35:10","slug":"informacion-cookies","status":"publish","type":"page","link":"https:\/\/www.cortetextil.info\/home\/informacion-cookies\/","title":{"rendered":"Informaci\u00f3n cookies"},"content":{"rendered":"<h2><span style=\"font-family: georgia, palatino, serif;\"><strong><span style=\"font-size: 12pt;\">\u00bfQu\u00e9 es una cookie?<\/span><\/strong><\/span><\/h2>\n<p><span style=\"font-size: 12pt; font-family: georgia, palatino, serif;\">Una <em>cookie<\/em> es un fichero de texto <b>inofensivo<\/b> que se almacena en su navegador cuando visita casi cualquier p\u00e1gina web. La utilidad de la <em>cookie<\/em> es que la web sea capaz de recordar su visita cuando vuelva a navegar por esa p\u00e1gina. Aunque mucha gente no lo sabe las <em>cookies<\/em> se llevan utilizando desde hace 20 a\u00f1os, cuando aparecieron los primeros navegadores para la World Wide Web.<\/span><\/p>\n<h2><span style=\"font-family: georgia, palatino, serif;\"><strong><span style=\"font-size: 12pt;\">\u00bfQu\u00e9 NO ES una cookie?<\/span><\/strong><\/span><\/h2>\n<p><span style=\"font-size: 12pt; font-family: georgia, palatino, serif;\">No es un virus, ni un troyano, ni un gusano, ni spam, ni spyware, ni abre ventanas pop-up.<\/span><\/p>\n<h2><strong><span style=\"font-size: 12pt; font-family: georgia, palatino, serif;\">\u00bfQu\u00e9 informaci\u00f3n almacena una <em>cookie<\/em>?<\/span><\/strong><\/h2>\n<p><span style=\"font-size: 12pt; font-family: georgia, palatino, serif;\">Las <em>cookies<\/em> no suelen almacenar informaci\u00f3n sensible sobre usted, como tarjetas de cr\u00e9dito o datos bancarios, fotograf\u00edas, su DNI o informaci\u00f3n personal, etc. Los datos que guardan son de car\u00e1cter t\u00e9cnico, preferencias personales, personalizaci\u00f3n de contenidos, etc.<\/span><\/p>\n<p><span style=\"font-size: 12pt; font-family: georgia, palatino, serif;\">El servidor web no le asocia a usted como persona si no a su navegador web. De hecho, si usted navega habitualmente con Internet Explorer y prueba a navegar por la misma web con Firefox o Chrome ver\u00e1 que la web no se da cuenta que es usted la misma persona porque en realidad est\u00e1 asociando al navegador, no a la persona.<\/span><\/p>\n<h2><strong><span style=\"font-size: 12pt; font-family: georgia, palatino, serif;\">\u00bfQu\u00e9 tipo de <em>cookies<\/em> existen?<\/span><\/strong><\/h2>\n<ul>\n<li><span style=\"font-size: 12pt; font-family: georgia, palatino, serif;\"><em>Cookies<\/em> t\u00e9cnicas: Son las m\u00e1s elementales y permiten, entre otras cosas, saber cu\u00e1ndo est\u00e1 navegando un humano o una aplicaci\u00f3n automatizada, cu\u00e1ndo navega un usuario an\u00f3nimo y uno registrado, tareas b\u00e1sicas para el funcionamiento de cualquier web din\u00e1mica.<\/span><\/li>\n<li><span style=\"font-size: 12pt; font-family: georgia, palatino, serif;\"><em>Cookies<\/em> de an\u00e1lisis: Recogen informaci\u00f3n sobre el tipo de navegaci\u00f3n que est\u00e1 realizando, las secciones que m\u00e1s utiliza, productos consultados, franja horaria de uso, idioma, etc.<\/span><\/li>\n<li><span style=\"font-size: 12pt; font-family: georgia, palatino, serif;\"><em>Cookies<\/em> publicitarias: Muestran publicidad en funci\u00f3n de su navegaci\u00f3n, su pa\u00eds de procedencia, idioma, etc.<\/span><\/li>\n<\/ul>\n<h2><strong><span style=\"font-size: 12pt; font-family: georgia, palatino, serif;\">\u00bfQu\u00e9 son las <em>cookies<\/em> propias y las de terceros?<\/span><\/strong><\/h2>\n<p><span style=\"font-size: 12pt; font-family: georgia, palatino, serif;\">Las <em>cookies propias<\/em> son las generadas por la p\u00e1gina que est\u00e1 visitando y las <em>de terceros<\/em> son las generadas por servicios o proveedores externos como Facebook, Twitter, Google, etc.<\/span><\/p>\n<h2><strong><span style=\"font-size: 12pt; font-family: georgia, palatino, serif;\">\u00bfQu\u00e9 ocurre si desactivo las <em>cookies<\/em>?<\/span><\/strong><\/h2>\n<p><span style=\"font-size: 12pt; font-family: georgia, palatino, serif;\">Para que entienda el alcance que puede tener desactivar las <em>cookies<\/em> le mostramos unos ejemplos:<\/span><\/p>\n<ul>\n<li><span style=\"font-size: 12pt; font-family: georgia, palatino, serif;\">No podr\u00e1 compartir contenidos de esa web en Facebook, Twitter o cualquier otra red social.<\/span><\/li>\n<li><span style=\"font-size: 12pt; font-family: georgia, palatino, serif;\">El sitio web no podr\u00e1 adaptar los contenidos a sus preferencias personales, como suele ocurrir en las tiendas online.<\/span><\/li>\n<li><span style=\"font-size: 12pt; font-family: georgia, palatino, serif;\">No podr\u00e1 acceder al \u00e1rea personal de esa web, como por ejemplo <em>Mi cuenta<\/em>, o <em>Mi perfil<\/em> o <em>Mis pedidos<\/em>.<\/span><\/li>\n<li><span style=\"font-size: 12pt; font-family: georgia, palatino, serif;\">Tiendas online: Le ser\u00e1 imposible realizar compras online, tendr\u00e1n que ser telef\u00f3nicas o visitando la tienda f\u00edsica si es que dispone de ella.<\/span><\/li>\n<li><span style=\"font-size: 12pt; font-family: georgia, palatino, serif;\">No ser\u00e1 posible personalizar sus preferencias geogr\u00e1ficas como franja horaria, divisa o idioma.<\/span><\/li>\n<li><span style=\"font-size: 12pt; font-family: georgia, palatino, serif;\">El sitio web no podr\u00e1 realizar anal\u00edticas web sobre visitantes y tr\u00e1fico en la web, lo que dificultar\u00e1 que la web sea competitiva.<\/span><\/li>\n<li><span style=\"font-size: 12pt; font-family: georgia, palatino, serif;\">No podr\u00e1 escribir en el blog, no podr\u00e1 subir fotos, publicar comentarios, valorar o puntuar contenidos. La web tampoco podr\u00e1 saber si usted es un humano o una aplicaci\u00f3n automatizada que publica <em>spam<\/em>.<\/span><\/li>\n<li><span style=\"font-size: 12pt; font-family: georgia, palatino, serif;\">No se podr\u00e1 mostrar publicidad sectorizada, lo que reducir\u00e1 los ingresos publicitarios de la web.<\/span><\/li>\n<li><span style=\"font-size: 12pt; font-family: georgia, palatino, serif;\">Todas las redes sociales usan <em>cookies<\/em>, si las desactiva no podr\u00e1 utilizar ninguna red social.<\/span><\/li>\n<\/ul>\n<h2><strong><span style=\"font-size: 12pt; font-family: georgia, palatino, serif;\">\u00bfSe pueden eliminar las <em>cookies<\/em>?<\/span><\/strong><\/h2>\n<p><span style=\"font-size: 12pt; font-family: georgia, palatino, serif;\">S\u00ed. No s\u00f3lo eliminar, tambi\u00e9n bloquear, de forma general o particular para un dominio espec\u00edfico.<\/span><\/p>\n<p><span style=\"font-size: 12pt; font-family: georgia, palatino, serif;\">Para eliminar las <em>cookies<\/em> de un sitio web debe ir a la configuraci\u00f3n de su navegador y all\u00ed podr\u00e1 buscar las asociadas al dominio en cuesti\u00f3n y proceder a su eliminaci\u00f3n.<\/span><\/p>\n<h2 id=\"navegadores\"><strong><span style=\"font-size: 12pt; font-family: georgia, palatino, serif;\">Configuraci\u00f3n de <em>cookies<\/em> para los navegadores m\u00e1s polulares<\/span><\/strong><\/h2>\n<p><span style=\"font-size: 12pt; font-family: georgia, palatino, serif;\">A continuaci\u00f3n le indicamos c\u00f3mo acceder a una <em>cookie<\/em> determinada del navegador <b>Chrome<\/b>. Nota: estos pasos pueden variar en funci\u00f3n de la versi\u00f3n del navegador:<\/span><\/p>\n<ol>\n<li><span style=\"font-size: 12pt; font-family: georgia, palatino, serif;\">Vaya a Configuraci\u00f3n o Preferencias mediante el men\u00fa Archivo o bien pinchando el icono de personalizaci\u00f3n que aparece arriba a la derecha.<\/span><\/li>\n<li><span style=\"font-size: 12pt; font-family: georgia, palatino, serif;\">Ver\u00e1 diferentes secciones, pinche la opci\u00f3n <em>Mostrar opciones avanzadas<\/em>.<\/span><\/li>\n<li><span style=\"font-size: 12pt; font-family: georgia, palatino, serif;\">Vaya a <em>Privacidad<\/em>, <em>Configuraci\u00f3n de contenido<\/em>.<\/span><\/li>\n<li><span style=\"font-size: 12pt; font-family: georgia, palatino, serif;\">Seleccione <em>Todas las <em>cookies<\/em> y los datos de sitios<\/em>.<\/span><\/li>\n<li><span style=\"font-size: 12pt; font-family: georgia, palatino, serif;\">Aparecer\u00e1 un listado con todas las <em>cookies<\/em> ordenadas por dominio. Para que le sea m\u00e1s f\u00e1cil encontrar las <em>cookies<\/em> de un determinado dominio introduzca parcial o totalmente la direcci\u00f3n en el campo <em>Buscar cookies<\/em>.<\/span><\/li>\n<li><span style=\"font-size: 12pt; font-family: georgia, palatino, serif;\">Tras realizar este filtro aparecer\u00e1n en pantalla una o varias l\u00edneas con las <em>cookies<\/em> de la web solicitada. Ahora s\u00f3lo tiene que seleccionarla y pulsar la <em>X<\/em> para proceder a su eliminaci\u00f3n.<\/span><\/li>\n<\/ol>\n<p><span style=\"font-size: 12pt; font-family: georgia, palatino, serif;\">Para acceder a la configuraci\u00f3n de <em>cookies<\/em> del navegador <b>Internet Explorer<\/b> siga estos pasos (pueden variar en funci\u00f3n de la versi\u00f3n del navegador):<\/span><\/p>\n<ol>\n<li><span style=\"font-size: 12pt; font-family: georgia, palatino, serif;\">Vaya a <em>Herramientas<\/em>, <em>Opciones de Internet<\/em><\/span><\/li>\n<li><span style=\"font-size: 12pt; font-family: georgia, palatino, serif;\">Haga click en <em>Privacidad<\/em>.<\/span><\/li>\n<li><span style=\"font-size: 12pt; font-family: georgia, palatino, serif;\">Mueva el deslizador hasta ajustar el nivel de privacidad que desee.<\/span><\/li>\n<\/ol>\n<p><span style=\"font-size: 12pt; font-family: georgia, palatino, serif;\">Para acceder a la configuraci\u00f3n de <em>cookies<\/em> del navegador <b>Firefox<\/b> siga estos pasos (pueden variar en funci\u00f3n de la versi\u00f3n del navegador):<\/span><\/p>\n<ol>\n<li><span style=\"font-size: 12pt; font-family: georgia, palatino, serif;\">Vaya a <em>Opciones<\/em> o <em>Preferencias<\/em> seg\u00fan su sistema operativo.<\/span><\/li>\n<li><span style=\"font-size: 12pt; font-family: georgia, palatino, serif;\">Haga click en <em>Privacidad<\/em>.<\/span><\/li>\n<li><span style=\"font-size: 12pt; font-family: georgia, palatino, serif;\">En <em>Historial<\/em> elija <em>Usar una configuraci\u00f3n personalizada para el historial<\/em>.<\/span><\/li>\n<li><span style=\"font-size: 12pt; font-family: georgia, palatino, serif;\">Ahora ver\u00e1 la opci\u00f3n <em>Aceptar cookies<\/em>, puede activarla o desactivarla seg\u00fan sus preferencias.<\/span><\/li>\n<\/ol>\n<p><span style=\"font-size: 12pt; font-family: georgia, palatino, serif;\">Para acceder a la configuraci\u00f3n de <em>cookies<\/em> del navegador <b>Safari para OSX<\/b> siga estos pasos (pueden variar en funci\u00f3n de la versi\u00f3n del navegador):<\/span><\/p>\n<ol>\n<li><span style=\"font-size: 12pt; font-family: georgia, palatino, serif;\">Vaya a <em>Preferencias<\/em>, luego <em>Privacidad<\/em>.<\/span><\/li>\n<li><span style=\"font-size: 12pt; font-family: georgia, palatino, serif;\">En este lugar ver\u00e1 la opci\u00f3n <em>Bloquear cookies<\/em> para que ajuste el tipo de bloqueo que desea realizar.<\/span><\/li>\n<\/ol>\n<p><span style=\"font-size: 12pt; font-family: georgia, palatino, serif;\">Para acceder a la configuraci\u00f3n de <em>cookies<\/em> del navegador <b>Safari para iOS<\/b> siga estos pasos (pueden variar en funci\u00f3n de la versi\u00f3n del navegador):<\/span><\/p>\n<ol>\n<li><span style=\"font-size: 12pt; font-family: georgia, palatino, serif;\">Vaya a <em>Ajustes<\/em>, luego <em>Safari<\/em>.<\/span><\/li>\n<li><span style=\"font-size: 12pt; font-family: georgia, palatino, serif;\">Vaya a <em>Privacidad y Seguridad<\/em>, ver\u00e1 la opci\u00f3n <em>Bloquear cookies<\/em> para que ajuste el tipo de bloqueo que desea realizar.<\/span><\/li>\n<\/ol>\n<p><span style=\"font-size: 12pt; font-family: georgia, palatino, serif;\">Para acceder a la configuraci\u00f3n de <em>cookies<\/em> del navegador para dispositivos <b>Android<\/b> siga estos pasos (pueden variar en funci\u00f3n de la versi\u00f3n del navegador):<\/span><\/p>\n<ol>\n<li><span style=\"font-size: 12pt; font-family: georgia, palatino, serif;\">Ejecute el navegador y pulse la tecla <em>Men\u00fa<\/em>, luego <em>Ajustes<\/em>.<\/span><\/li>\n<li><span style=\"font-size: 12pt; font-family: georgia, palatino, serif;\">Vaya a <em>Seguridad y Privacidad<\/em>, ver\u00e1 la opci\u00f3n <em>Aceptar cookies<\/em> para que active o desactive la casilla.<\/span><\/li>\n<\/ol>\n<p><span style=\"font-size: 12pt; font-family: georgia, palatino, serif;\">Para acceder a la configuraci\u00f3n de <em>cookies<\/em> del navegador para dispositivos <b>Windows Phone<\/b> siga estos pasos (pueden variar en funci\u00f3n de la versi\u00f3n del navegador):<\/span><\/p>\n<ol>\n<li><span style=\"font-size: 12pt; font-family: georgia, palatino, serif;\">Abra <em>Internet Explorer<\/em>, luego <em>M\u00e1s<\/em>, luego <em>Configuraci\u00f3n<\/em><\/span><\/li>\n<li><span style=\"font-size: 12pt; font-family: georgia, palatino, serif;\">Ahora puede activar o desactivar la casilla <em>Permitir cookies<\/em>.<\/span><\/li>\n<\/ol>\n","protected":false},"excerpt":{"rendered":"<p>\u00bfQu\u00e9 es una cookie? Una cookie es un fichero de texto inofensivo que se almacena en su navegador cuando visita casi cualquier p\u00e1gina web. La utilidad de la cookie es que la web sea capaz de recordar su visita cuando vuelva a navegar por esa p\u00e1gina. Aunque mucha gente no lo sabe las cookies se [&hellip;]<\/p>\n","protected":false},"author":1,"featured_media":0,"parent":0,"menu_order":0,"comment_status":"closed","ping_status":"closed","template":"","meta":[],"_links":{"self":[{"href":"https:\/\/www.cortetextil.info\/home\/wp-json\/wp\/v2\/pages\/30"}],"collection":[{"href":"https:\/\/www.cortetextil.info\/home\/wp-json\/wp\/v2\/pages"}],"about":[{"href":"https:\/\/www.cortetextil.info\/home\/wp-json\/wp\/v2\/types\/page"}],"author":[{"embeddable":true,"href":"https:\/\/www.cortetextil.info\/home\/wp-json\/wp\/v2\/users\/1"}],"replies":[{"embeddable":true,"href":"https:\/\/www.cortetextil.info\/home\/wp-json\/wp\/v2\/comments?post=30"}],"version-history":[{"count":1,"href":"https:\/\/www.cortetextil.info\/home\/wp-json\/wp\/v2\/pages\/30\/revisions"}],"predecessor-version":[{"id":31,"href":"https:\/\/www.cortetextil.info\/home\/wp-json\/wp\/v2\/pages\/30\/revisions\/31"}],"wp:attachment":[{"href":"https:\/\/www.cortetextil.info\/home\/wp-json\/wp\/v2\/media?parent=30"}],"curies":[{"name":"wp","href":"https:\/\/api.w.org\/{rel}","templated":true}]}}