{"id":6,"date":"2015-12-04T09:55:04","date_gmt":"2015-12-04T09:55:04","guid":{"rendered":"https:\/\/www.cortetextil.info\/home\/?page_id=6"},"modified":"2015-12-07T10:00:30","modified_gmt":"2015-12-07T10:00:30","slug":"empresa","status":"publish","type":"page","link":"https:\/\/www.cortetextil.info\/home\/","title":{"rendered":"Empresa"},"content":{"rendered":"<p>Corte Textil Juli\u00e1n, es una Empresa dedicada al tratado y corte de <strong>prendas textiles\u00a0<\/strong>de todo tipo de tejidos. Contamos con m\u00e1s de 20 a\u00f1os de experiencia en el sector con una reputaci\u00f3n profesional excelente. Proporcionando siempre el mejor trato a nuestros clientes, colaborando con ellos para obtener los mejores resultados, elemento fundamental de nuestra\u00a0<strong>empresa<\/strong>.<\/p>\n<p>A lo largo de nuestra historia, hemos trabajado con diferentes tipos y <strong>texturas de tejidos<\/strong>, por lo que conocemos completamente el tratado que hay que darles a cada uno de ellos y pudiendo ofrecer el mejor <strong>asesoramiento <\/strong>a nuestros clientes. En todos nuestros <strong>proyectos <\/strong>ponemos todo nuestro esfuerzo para conseguir la m\u00e1xima satisfacci\u00f3n por un\u00a0<strong>trabajo <\/strong>bien realizado.<\/p>\n<p>Ofrecemos todos los <strong>servicios <\/strong>relacionados con las prendas textiles; corte, tratado y ensamblaje de los tejidos, siendo nuestra especialidad el corte textil.\u00a0As\u00ed mismo, trabajamos con todo tipo de\u00a0<strong>telas\u00a0y\u00a0prendas<\/strong>\u00a0destinadas para todo tipo de p\u00fablico, tanto para ni\u00f1o, ni\u00f1a, j\u00f3venes, se\u00f1ora y caballero.<\/p>\n<p>Nuestras <strong>tarifas <\/strong>son altamente <strong>competitivas <\/strong>y ajustadas a las necesidades de cada cliente, todo ello asesorado desde el primer momento por nuestra empresa.<\/p>\n<p>No esperes m\u00e1s , conf\u00edenos su <strong>trabajo <\/strong>y no se arrepentir\u00e1.<\/p>\n","protected":false},"excerpt":{"rendered":"<p>Corte Textil Juli\u00e1n, es una Empresa dedicada al tratado y corte de prendas textiles\u00a0de todo tipo de tejidos. Contamos con m\u00e1s de 20 a\u00f1os de experiencia en el sector con una reputaci\u00f3n profesional excelente. Proporcionando siempre el mejor trato a nuestros clientes, colaborando con ellos para obtener los mejores resultados, elemento fundamental de nuestra\u00a0empresa. A [&hellip;]<\/p>\n","protected":false},"author":1,"featured_media":0,"parent":0,"menu_order":0,"comment_status":"closed","ping_status":"closed","template":"","meta":[],"_links":{"self":[{"href":"https:\/\/www.cortetextil.info\/home\/wp-json\/wp\/v2\/pages\/6"}],"collection":[{"href":"https:\/\/www.cortetextil.info\/home\/wp-json\/wp\/v2\/pages"}],"about":[{"href":"https:\/\/www.cortetextil.info\/home\/wp-json\/wp\/v2\/types\/page"}],"author":[{"embeddable":true,"href":"https:\/\/www.cortetextil.info\/home\/wp-json\/wp\/v2\/users\/1"}],"replies":[{"embeddable":true,"href":"https:\/\/www.cortetextil.info\/home\/wp-json\/wp\/v2\/comments?post=6"}],"version-history":[{"count":14,"href":"https:\/\/www.cortetextil.info\/home\/wp-json\/wp\/v2\/pages\/6\/revisions"}],"predecessor-version":[{"id":82,"href":"https:\/\/www.cortetextil.info\/home\/wp-json\/wp\/v2\/pages\/6\/revisions\/82"}],"wp:attachment":[{"href":"https:\/\/www.cortetextil.info\/home\/wp-json\/wp\/v2\/media?parent=6"}],"curies":[{"name":"wp","href":"https:\/\/api.w.org\/{rel}","templated":true}]}}