{"id":8,"date":"2015-12-04T09:55:30","date_gmt":"2015-12-04T09:55:30","guid":{"rendered":"https:\/\/www.cortetextil.info\/home\/?page_id=8"},"modified":"2015-12-07T09:30:43","modified_gmt":"2015-12-07T09:30:43","slug":"servicios","status":"publish","type":"page","link":"https:\/\/www.cortetextil.info\/home\/servicios\/","title":{"rendered":"Servicios"},"content":{"rendered":"<div class=\"pagewidth\">\n<div id=\"main\">\n<div class=\"item-page\">\n<p>La dilatada <strong>experiencia <\/strong>adquirida por Corte Textil Juli\u00e1n\u00a0a lo largo de nuestra trayectoria profesional es nuestro principal aval. Los <strong>servicios <\/strong>que ponemos a su disposici\u00f3n son:<\/p>\n<ul>\n<li><strong>PATRONAJE:<\/strong>\u00a0ponemos a su disposici\u00f3n todos los recursos necesarios para el<strong>dise\u00f1o <\/strong>y <strong>confecci\u00f3n <\/strong>de patrones, todo ello gracias a nuestro sistema moderno y totalmente equipado. Este sistema es capaz de realizar tanto <strong>patronajes <\/strong>como encajados autom\u00e1ticos de marcadas. Todo esto, unido a nuestras ganas de trabajar y nuestro <strong>esfuerzo <\/strong>en cada uno de nuestros proyectos, hacen de nosotros una opci\u00f3n inmejorable a la hora de realizar un patronaje.<\/li>\n<\/ul>\n<ul>\n<li><strong>CORTE<\/strong>:\u00a0disponemos de varias <strong>m\u00e1quinas <\/strong>de corte verticales modernas y equipadas con la \u00faltima tecnolog\u00eda de corte. Estas m\u00e1quinas est\u00e1n disponibles para realizar hasta el m\u00e1s <strong>complejo <\/strong>de los cortes. Para realizar este trabajo disponemos de varias <strong>mesas <\/strong>de extendido, completamente conectadas con una <strong>afinadora <\/strong>de corte que nos permite enviar directamente las \u00f3rdenes a nuestras mesas.\u00a0Por todas estas razones nuestro sistema de corte nos permite conseguir una<strong>reducci\u00f3n de tiempo<\/strong> y, por lo tanto, tambi\u00e9n de coste.<\/li>\n<\/ul>\n<ul>\n<li><strong>EMPAQUETADO<\/strong>: ofrecemos un <strong>servicio <\/strong>de empaquetado de los cortes realizados. Nuestra log\u00edstica est\u00e1 dise\u00f1ada\u00a0para evitar <strong>p\u00e9rdidas <\/strong>y desorden en el transcurso del transporte. Para ello disponemos de una moderna m\u00e1quina\u00a0<strong>flejadora <\/strong>que nos facilita la realizaci\u00f3n de este <strong>trabajo<\/strong>.<\/li>\n<\/ul>\n<\/div>\n<\/div>\n<\/div>\n","protected":false},"excerpt":{"rendered":"<p>La dilatada experiencia adquirida por Corte Textil Juli\u00e1n\u00a0a lo largo de nuestra trayectoria profesional es nuestro principal aval. Los servicios que ponemos a su disposici\u00f3n son: PATRONAJE:\u00a0ponemos a su disposici\u00f3n todos los recursos necesarios para eldise\u00f1o y confecci\u00f3n de patrones, todo ello gracias a nuestro sistema moderno y totalmente equipado. Este sistema es capaz de [&hellip;]<\/p>\n","protected":false},"author":1,"featured_media":0,"parent":0,"menu_order":0,"comment_status":"closed","ping_status":"closed","template":"","meta":[],"_links":{"self":[{"href":"https:\/\/www.cortetextil.info\/home\/wp-json\/wp\/v2\/pages\/8"}],"collection":[{"href":"https:\/\/www.cortetextil.info\/home\/wp-json\/wp\/v2\/pages"}],"about":[{"href":"https:\/\/www.cortetextil.info\/home\/wp-json\/wp\/v2\/types\/page"}],"author":[{"embeddable":true,"href":"https:\/\/www.cortetextil.info\/home\/wp-json\/wp\/v2\/users\/1"}],"replies":[{"embeddable":true,"href":"https:\/\/www.cortetextil.info\/home\/wp-json\/wp\/v2\/comments?post=8"}],"version-history":[{"count":2,"href":"https:\/\/www.cortetextil.info\/home\/wp-json\/wp\/v2\/pages\/8\/revisions"}],"predecessor-version":[{"id":26,"href":"https:\/\/www.cortetextil.info\/home\/wp-json\/wp\/v2\/pages\/8\/revisions\/26"}],"wp:attachment":[{"href":"https:\/\/www.cortetextil.info\/home\/wp-json\/wp\/v2\/media?parent=8"}],"curies":[{"name":"wp","href":"https:\/\/api.w.org\/{rel}","templated":true}]}}